{"id":1000,"date":"2025-05-08T12:30:33","date_gmt":"2025-05-08T12:30:33","guid":{"rendered":"https:\/\/www.olgakotyk.com\/index.php\/platnosc\/blad-transakcji\/"},"modified":"2025-05-08T12:30:33","modified_gmt":"2025-05-08T12:30:33","slug":"blad-transakcji","status":"publish","type":"page","link":"https:\/\/www.olgakotyk.com\/platnosc\/blad-transakcji\/","title":{"rendered":"B\u0142\u0105d transakcji"},"content":{"rendered":"<p>Twoja transakcja nie powiod\u0142a si\u0119, spr\u00f3buj ponownie lub skontaktuj si\u0119 z pomoc\u0105 techniczn\u0105.<\/p>","protected":false},"excerpt":{"rendered":"<p>Twoja transakcja nie powiod\u0142a si\u0119, spr\u00f3buj ponownie lub skontaktuj si\u0119 z pomoc\u0105 techniczn\u0105.<\/p>\n","protected":false},"author":1,"featured_media":0,"parent":998,"menu_order":0,"comment_status":"closed","ping_status":"closed","template":"","meta":{"_acf_changed":false,"_themeisle_gutenberg_block_has_review":false,"footnotes":""},"class_list":["post-1000","page","type-page","status-publish","hentry"],"acf":[],"_links":{"self":[{"href":"https:\/\/www.olgakotyk.com\/wp-json\/wp\/v2\/pages\/1000","targetHints":{"allow":["GET"]}}],"collection":[{"href":"https:\/\/www.olgakotyk.com\/wp-json\/wp\/v2\/pages"}],"about":[{"href":"https:\/\/www.olgakotyk.com\/wp-json\/wp\/v2\/types\/page"}],"author":[{"embeddable":true,"href":"https:\/\/www.olgakotyk.com\/wp-json\/wp\/v2\/users\/1"}],"replies":[{"embeddable":true,"href":"https:\/\/www.olgakotyk.com\/wp-json\/wp\/v2\/comments?post=1000"}],"version-history":[{"count":0,"href":"https:\/\/www.olgakotyk.com\/wp-json\/wp\/v2\/pages\/1000\/revisions"}],"up":[{"embeddable":true,"href":"https:\/\/www.olgakotyk.com\/wp-json\/wp\/v2\/pages\/998"}],"wp:attachment":[{"href":"https:\/\/www.olgakotyk.com\/wp-json\/wp\/v2\/media?parent=1000"}],"curies":[{"name":"wp","href":"https:\/\/api.w.org\/{rel}","templated":true}]}}